{"id":503,"date":"2023-11-29T08:11:42","date_gmt":"2023-11-29T06:11:42","guid":{"rendered":"https:\/\/alglogistika.lt\/pagrindinis\/"},"modified":"2026-04-18T12:59:57","modified_gmt":"2026-04-18T09:59:57","slug":"pagrindinis","status":"publish","type":"page","link":"https:\/\/alglogistika.lt\/ru\/","title":{"rendered":"Titulinis"},"content":{"rendered":"\n<div class=\"wp-block-cover\" style=\"min-height:604px;aspect-ratio:unset;\"><img loading=\"lazy\" decoding=\"async\" width=\"2560\" height=\"886\" class=\"wp-block-cover__image-background wp-image-59\" alt=\"\" src=\"http:\/\/localhost:8080\/wp-content\/uploads\/2023\/12\/1637832084_0__MG_1430_copy-f782528d0a0b1784429b43cabc8119db-scaled.jpg\" data-object-fit=\"cover\" srcset=\"https:\/\/alglogistika.lt\/wp-content\/uploads\/2023\/12\/1637832084_0__MG_1430_copy-f782528d0a0b1784429b43cabc8119db-scaled.jpg 2560w, https:\/\/alglogistika.lt\/wp-content\/uploads\/2023\/12\/1637832084_0__MG_1430_copy-f782528d0a0b1784429b43cabc8119db-300x104.jpg 300w, https:\/\/alglogistika.lt\/wp-content\/uploads\/2023\/12\/1637832084_0__MG_1430_copy-f782528d0a0b1784429b43cabc8119db-1024x355.jpg 1024w, https:\/\/alglogistika.lt\/wp-content\/uploads\/2023\/12\/1637832084_0__MG_1430_copy-f782528d0a0b1784429b43cabc8119db-768x266.jpg 768w, https:\/\/alglogistika.lt\/wp-content\/uploads\/2023\/12\/1637832084_0__MG_1430_copy-f782528d0a0b1784429b43cabc8119db-1536x532.jpg 1536w, https:\/\/alglogistika.lt\/wp-content\/uploads\/2023\/12\/1637832084_0__MG_1430_copy-f782528d0a0b1784429b43cabc8119db-2048x709.jpg 2048w\" sizes=\"auto, (max-width: 2560px) 100vw, 2560px\" \/><span aria-hidden=\"true\" class=\"wp-block-cover__background has-background-dim-10 has-background-dim\"><\/span><div class=\"wp-block-cover__inner-container is-layout-constrained wp-block-cover-is-layout-constrained\">\n<div class=\"wp-block-group container\"><div class=\"wp-block-group__inner-container is-layout-constrained wp-block-group-is-layout-constrained\">\n<div class=\"wp-block-group container is-vertical is-content-justification-left is-layout-flex wp-container-core-group-is-layout-c0ca7d81 wp-block-group-is-layout-flex\">\n<h1 class=\"wp-block-heading pb-8\" style=\"font-size:32px;font-style:normal;font-weight:600\"><strong><em>Nuo ma\u017eiausi\u0173 iki kompleksini\u0173<br>logistikos sprendim\u0173<\/em><\/strong><\/h1>\n\n\n\n<div class=\"wp-block-alg-blocks-script-action-button action undefined\"><a class=\"ext_button red-style rounded\" href=\"https:\/\/alglogistika.lt\/paslaugos\/\"><span>PLA\u010cIAU   <\/span><i class=\"fa-light fa-circle-chevron-right\"><\/i><\/a><\/div>\n<\/div>\n<\/div><\/div>\n<\/div><\/div>\n\n\n\n<div class=\"wp-block-group has-background\" style=\"background-color:#9a1a12\"><div class=\"wp-block-group__inner-container is-layout-constrained wp-block-group-is-layout-constrained\">\n<div class=\"wp-block-group container\"><div class=\"wp-block-group__inner-container is-layout-constrained wp-block-group-is-layout-constrained\">\n<div class=\"wp-block-columns are-vertically-aligned-center m-0 p-0 has-white-color has-text-color has-background has-link-color wp-elements-6a2bb284e2decbd713f313267acf755f is-layout-flex wp-container-core-columns-is-layout-9d6595d7 wp-block-columns-is-layout-flex\" style=\"background-color:#9a1a12\">\n<div class=\"wp-block-column is-vertically-aligned-center py-12 is-layout-flow wp-block-column-is-layout-flow\">\n<div class=\"wp-block-group\"><div class=\"wp-block-group__inner-container is-layout-constrained wp-block-group-is-layout-constrained\">\n<div class=\"wp-block-group is-nowrap is-layout-flex wp-container-core-group-is-layout-ad2f72ca wp-block-group-is-layout-flex\">\n<figure class=\"wp-block-image size-large is-style-default fancy-icon\"><img decoding=\"async\" src=\"https:\/\/alglogistika.lt\/wp-content\/uploads\/2024\/01\/1647417775_0_ico_1.svg\" alt=\"\"\/><\/figure>\n\n\n\n<div class=\"wp-block-group container is-vertical is-layout-flex wp-container-core-group-is-layout-8cf370e7 wp-block-group-is-layout-flex\">\n<p style=\"font-size:18px\">Sand\u0117lio plotas<\/p>\n\n\n\n<p class=\"text-nowrap has-large-font-size\">&gt; 10,000 M2<\/p>\n<\/div>\n<\/div>\n<\/div><\/div>\n<\/div>\n\n\n\n<div class=\"wp-block-column is-vertically-aligned-center py-12 is-layout-flow wp-block-column-is-layout-flow\">\n<div class=\"wp-block-group\"><div class=\"wp-block-group__inner-container is-layout-constrained wp-block-group-is-layout-constrained\">\n<div class=\"wp-block-group is-nowrap is-layout-flex wp-container-core-group-is-layout-ad2f72ca wp-block-group-is-layout-flex\">\n<figure class=\"wp-block-image size-large fancy-icon\"><img decoding=\"async\" src=\"https:\/\/alglogistika.lt\/wp-content\/uploads\/2024\/01\/1647417793_0_ico_2.svg\" alt=\"\" style=\"object-fit:cover\"\/><\/figure>\n\n\n\n<div class=\"wp-block-group container is-vertical is-layout-flex wp-container-core-group-is-layout-8cf370e7 wp-block-group-is-layout-flex\">\n<p style=\"font-size:18px\">Sand\u0117liuojama<\/p>\n\n\n\n<p class=\"text-nowrap has-large-font-size\">~27000 SKU<\/p>\n<\/div>\n<\/div>\n<\/div><\/div>\n<\/div>\n\n\n\n<div class=\"wp-block-column is-vertically-aligned-center py-12 is-layout-flow wp-block-column-is-layout-flow\">\n<div class=\"wp-block-group is-nowrap is-layout-flex wp-container-core-group-is-layout-ad2f72ca wp-block-group-is-layout-flex\">\n<figure class=\"wp-block-image size-large fancy-icon\"><img decoding=\"async\" src=\"https:\/\/alglogistika.lt\/wp-content\/uploads\/2024\/01\/1647417842_0_ico_3.svg\" alt=\"\"\/><\/figure>\n\n\n\n<div class=\"wp-block-group container is-vertical is-layout-flex wp-container-core-group-is-layout-8cf370e7 wp-block-group-is-layout-flex\">\n<p style=\"font-size:18px\">Per dien\u0105 i\u0161siun\u010diama<\/p>\n\n\n\n<p class=\"text-nowrap has-large-font-size\">~3000 SIUNT\u0172<\/p>\n<\/div>\n<\/div>\n<\/div>\n<\/div>\n<\/div><\/div>\n<\/div><\/div>\n\n\n\n<section class=\"wp-block-alg-blocks-decorative-group undefined z-content-section\"><div class=\"container\">\n<div class=\"wp-block-media-text is-stacked-on-mobile mb-10\"><figure class=\"wp-block-media-text__media\"><img loading=\"lazy\" decoding=\"async\" width=\"1024\" height=\"836\" src=\"https:\/\/alglogistika.avaro.dev\/wp-content\/uploads\/2024\/01\/1608117830_0__MG_1769_copy-1c3d459f307da2ca8194e6cc490e16c4-1024x836.jpg\" alt=\"\" class=\"wp-image-310 size-full\" srcset=\"https:\/\/alglogistika.lt\/wp-content\/uploads\/2024\/01\/1608117830_0__MG_1769_copy-1c3d459f307da2ca8194e6cc490e16c4-1024x836.jpg 1024w, https:\/\/alglogistika.lt\/wp-content\/uploads\/2024\/01\/1608117830_0__MG_1769_copy-1c3d459f307da2ca8194e6cc490e16c4-300x245.jpg 300w, https:\/\/alglogistika.lt\/wp-content\/uploads\/2024\/01\/1608117830_0__MG_1769_copy-1c3d459f307da2ca8194e6cc490e16c4-768x627.jpg 768w, https:\/\/alglogistika.lt\/wp-content\/uploads\/2024\/01\/1608117830_0__MG_1769_copy-1c3d459f307da2ca8194e6cc490e16c4.jpg 1142w\" sizes=\"auto, (max-width: 1024px) 100vw, 1024px\" \/><\/figure><div class=\"wp-block-media-text__content\">\n<div class=\"wp-block-group cont is-vertical is-layout-flex wp-container-core-group-is-layout-8cad6afd wp-block-group-is-layout-flex\">\n<div class=\"wp-block-alg-blocks-decorative-heading custom-title-2\"><span class=\"ico\"><img decoding=\"async\" alt=\"icon\" src=\"https:\/\/alglogistika.lt\/wp-content\/uploads\/2024\/01\/1571314606_1_ico_2.svg\"\/><\/span><div data-bg-title=\"Paslaugos\"><div>Paslaugos<\/div><\/div><\/div>\n\n\n\n<p><em>UAB \u201eALG logistika\u201c sand\u0117liai yra \u012fsik\u016br\u0119 logistikos komplekse Kauno laisvojoje ekonomin\u0117je zonoje.<\/em><\/p>\n\n\n\n<p class=\"text-left\" style=\"letter-spacing:2px\"><em>Operacij\u0173 ir preki\u0173 apskaita, saugojimas ir saugojim\u0173 viet\u0173 sekimas, bei kitos proced\u016bros tvarkomos padedant sand\u0117lio valdymo sistemoms.<\/em><\/p>\n\n\n\n<div class=\"wp-block-alg-blocks-script-action-button action undefined\"><a class=\"ext_button red-style rounded\" href=\"https:\/\/alglogistika.lt\/paslaugos\/\"><span>PLA\u010cIAU  <\/span><i class=\"fa-light fa-circle-chevron-right\"><\/i><\/a><\/div>\n<\/div>\n<\/div><\/div>\n\n\n\n<div class=\"wp-block-media-text has-media-on-the-right is-stacked-on-mobile container\"><div class=\"wp-block-media-text__content\">\n<div class=\"wp-block-group is-vertical is-layout-flex wp-container-core-group-is-layout-8cf370e7 wp-block-group-is-layout-flex\">\n<div class=\"wp-block-alg-blocks-decorative-heading custom-title-2\"><span class=\"ico\"><img decoding=\"async\" alt=\"icon\" src=\"https:\/\/alglogistika.lt\/wp-content\/uploads\/2024\/01\/1571314720_1_Shape_1.svg\"\/><\/span><div data-bg-title=\"Kompleksin\u0117 logistika (3PL)\"><div>Kompleksin\u0117 logistika (3PL)<\/div><div class=\"decor\"><\/div><\/div><\/div>\n\n\n\n<p class=\"text-justify pr-20\">UAB \u201eALG logistika\u201c specializuojasi 3 PL \u2013 kontraktin\u0117s logistikos paslaug\u0173 teikime.<\/p>\n\n\n\n<p class=\"text-justify pr-20 \">Tai konkre\u010diam klientui ir jo specifinius poreikius atitinkantys kompleksiniai paslaug\u0173 sprendimai, apimantys tiekimo grandin\u0117s valdym\u0105 nuo u\u017esakymo tiek\u0117jui formavimo, preki\u0173 pristatymo \u012f sand\u0117lius, sand\u0117lio operacij\u0173, detalios preki\u0173 apskaitos iki preki\u0173 pristatymo galutiniam gav\u0117jui (tiek fiziniam tiek juridiniam asmeniui).<\/p>\n\n\n\n<div class=\"wp-block-alg-blocks-script-action-button action undefined\"><a class=\"ext_button red-style rounded\" href=\"\/komplekine-logistika\"><span>PLA\u010cIAU <\/span><i class=\"fa-light fa-circle-chevron-right\"><\/i><\/a><\/div>\n<\/div>\n<\/div><figure class=\"wp-block-media-text__media\"><img loading=\"lazy\" decoding=\"async\" width=\"1024\" height=\"836\" src=\"https:\/\/alglogistika.avaro.dev\/wp-content\/uploads\/2024\/01\/1576596171_0__MG_1421_copy-75a92b8c80d749c06941d089beedbf4d-1024x836.jpg\" alt=\"\" class=\"wp-image-316 size-full\" srcset=\"https:\/\/alglogistika.lt\/wp-content\/uploads\/2024\/01\/1576596171_0__MG_1421_copy-75a92b8c80d749c06941d089beedbf4d-1024x836.jpg 1024w, https:\/\/alglogistika.lt\/wp-content\/uploads\/2024\/01\/1576596171_0__MG_1421_copy-75a92b8c80d749c06941d089beedbf4d-300x245.jpg 300w, https:\/\/alglogistika.lt\/wp-content\/uploads\/2024\/01\/1576596171_0__MG_1421_copy-75a92b8c80d749c06941d089beedbf4d-768x627.jpg 768w, https:\/\/alglogistika.lt\/wp-content\/uploads\/2024\/01\/1576596171_0__MG_1421_copy-75a92b8c80d749c06941d089beedbf4d.jpg 1142w\" sizes=\"auto, (max-width: 1024px) 100vw, 1024px\" \/><\/figure><\/div>\n<\/div><div class=\"z-content-section-decor\"><img decoding=\"async\" src=\"https:\/\/alglogistika.avaro.dev\/wp-content\/uploads\/2024\/01\/dec-2.png\" alt=\"Decorative image\"\/><\/div><div class=\"z-content-section-decor-2\"><img decoding=\"async\" src=\"https:\/\/alglogistika.avaro.dev\/wp-content\/uploads\/2024\/01\/dec-2.png\" alt=\"Decorative image\"\/><\/div><\/section>\n\n\n\n<div class=\"wp-block-group py-20 has-white-color has-text-color has-background has-link-color wp-elements-6020563853f4c8fbee45b4eb2423adc1 is-vertical is-content-justification-center is-layout-flex wp-container-core-group-is-layout-4b2eccd6 wp-block-group-is-layout-flex\" style=\"background-color:#9a1a12\">\n<p class=\"has-text-align-center container pb-4\" style=\"font-size:21px\"><strong>ALMA LITTERA \u012eMONI\u0172 GRUP\u0116<\/strong><\/p>\n\n\n\n<div class=\"wp-block-columns is-layout-flex wp-container-core-columns-is-layout-9d6595d7 wp-block-columns-is-layout-flex\">\n<div class=\"wp-block-column is-layout-flow wp-block-column-is-layout-flow\">\n<figure class=\"wp-block-image size-large is-resized\"><a href=\"https:\/\/www.pegasas.lt\/\" target=\"_blank\" rel=\"noreferrer noopener\"><img decoding=\"async\" src=\"https:\/\/alglogistika.lt\/wp-content\/uploads\/2024\/01\/1571315266_0_pegasaslogo.png\" alt=\"\" style=\"width:auto;height:60px\"\/><\/a><\/figure>\n<\/div>\n\n\n\n<div class=\"wp-block-column is-layout-flow wp-block-column-is-layout-flow\">\n<figure class=\"wp-block-image size-large is-resized\"><a href=\"https:\/\/www.kas.lt\/\" target=\"_blank\" rel=\"noreferrer noopener\"><img decoding=\"async\" src=\"https:\/\/alglogistika.lt\/wp-content\/uploads\/2024\/01\/1571315306_0_Layer_4.png\" alt=\"\" style=\"width:auto;height:60px\"\/><\/a><\/figure>\n<\/div>\n\n\n\n<div class=\"wp-block-column is-vertically-aligned-center is-layout-flow wp-block-column-is-layout-flow\">\n<figure class=\"wp-block-image size-large is-resized\"><a href=\"https:\/\/almalittera.lt\/\" target=\"_blank\" rel=\"noreferrer noopener\"><img decoding=\"async\" src=\"https:\/\/alglogistika.lt\/wp-content\/uploads\/2024\/01\/1571315175_0_almaliterra.png\" alt=\"\" style=\"width:auto;height:60px\"\/><\/a><\/figure>\n<\/div>\n<\/div>\n<\/div>\n","protected":false},"excerpt":{"rendered":"<p>Sand\u0117lio plotas &gt; 10,000 M2 Sand\u0117liuojama ~27000 SKU Per dien\u0105 i\u0161siun\u010diama ~3000 SIUNT\u0172 ALMA LITTERA \u012eMONI\u0172 GRUP\u0116<\/p>\n","protected":false},"author":2,"featured_media":0,"parent":0,"menu_order":0,"comment_status":"closed","ping_status":"open","template":"","meta":{"_acf_changed":false,"inline_featured_image":false,"footnotes":""},"class_list":["post-503","page","type-page","status-publish","hentry"],"acf":[],"_links":{"self":[{"href":"https:\/\/alglogistika.lt\/ru\/wp-json\/wp\/v2\/pages\/503","targetHints":{"allow":["GET"]}}],"collection":[{"href":"https:\/\/alglogistika.lt\/ru\/wp-json\/wp\/v2\/pages"}],"about":[{"href":"https:\/\/alglogistika.lt\/ru\/wp-json\/wp\/v2\/types\/page"}],"author":[{"embeddable":true,"href":"https:\/\/alglogistika.lt\/ru\/wp-json\/wp\/v2\/users\/2"}],"replies":[{"embeddable":true,"href":"https:\/\/alglogistika.lt\/ru\/wp-json\/wp\/v2\/comments?post=503"}],"version-history":[{"count":3,"href":"https:\/\/alglogistika.lt\/ru\/wp-json\/wp\/v2\/pages\/503\/revisions"}],"predecessor-version":[{"id":530,"href":"https:\/\/alglogistika.lt\/ru\/wp-json\/wp\/v2\/pages\/503\/revisions\/530"}],"wp:attachment":[{"href":"https:\/\/alglogistika.lt\/ru\/wp-json\/wp\/v2\/media?parent=503"}],"curies":[{"name":"wp","href":"https:\/\/api.w.org\/{rel}","templated":true}]}}